{"id":43,"date":"2025-05-29T15:40:31","date_gmt":"2025-05-29T15:40:31","guid":{"rendered":"https:\/\/mundosenpapel.com\/?page_id=43"},"modified":"2026-01-30T20:59:12","modified_gmt":"2026-01-30T20:59:12","slug":"politica-de-cookies","status":"publish","type":"page","link":"https:\/\/mundosenpapel.com\/index.php\/politica-de-cookies\/","title":{"rendered":"Pol\u00edtica de cookies"},"content":{"rendered":"\n<p><strong>1. \u00bfQU\u00c9 SON LAS COOKIES?<\/strong> Las cookies son peque\u00f1os archivos de texto que se descargan en tu equipo al acceder a determinadas p\u00e1ginas web. Permiten a una web, entre otras cosas, almacenar y recuperar informaci\u00f3n sobre los h\u00e1bitos de navegaci\u00f3n de un usuario o de su equipo.<\/p>\n\n\n\n<p><strong>2. TIPOS DE COOKIES QUE UTILIZA ESTE SITIO<\/strong><\/p>\n\n\n\n<ul class=\"wp-block-list\">\n<li><strong>Cookies t\u00e9cnicas:<\/strong> Son esenciales para el funcionamiento de la web, como las que permiten la reproducci\u00f3n de los episodios del podcast a trav\u00e9s de reproductores externos.<\/li>\n\n\n\n<li><strong>Cookies de an\u00e1lisis (Terceros):<\/strong> Utilizamos <strong>Google Analytics<\/strong> para cuantificar el n\u00famero de usuarios y realizar la medici\u00f3n y an\u00e1lisis estad\u00edstico del uso que hacen los lectores de nuestro contenido.<\/li>\n\n\n\n<li><strong>Cookies de redes sociales:<\/strong> Al reproducir contenido de iVoox, Spotify o compartir en redes, estos servicios pueden instalar sus propias cookies.<\/li>\n<\/ul>\n\n\n\n<p><strong>3. GESTI\u00d3N Y DESACTIVACI\u00d3N<\/strong> Puedes permitir, bloquear o eliminar las cookies instaladas en tu equipo mediante la configuraci\u00f3n de las opciones del navegador que utilices:<\/p>\n\n\n\n<ul class=\"wp-block-list\">\n<li><strong>Chrome<\/strong><\/li>\n\n\n\n<li><strong>Firefox<\/strong><\/li>\n\n\n\n<li><strong>Safari<\/strong><\/li>\n\n\n\n<li><strong>Edge<\/strong><\/li>\n<\/ul>\n\n\n\n<p>Si bloqueas la instalaci\u00f3n de cookies, es posible que no puedas acceder a todas las funcionalidades de <strong>Mundos en Papel<\/strong> (como la reproducci\u00f3n directa de audios).<\/p>\n","protected":false},"excerpt":{"rendered":"<p>1. \u00bfQU\u00c9 SON LAS COOKIES? Las cookies son peque\u00f1os archivos de texto que se descargan en tu equipo al acceder a determinadas p\u00e1ginas web. Permiten a una web, entre otras cosas, almacenar y recuperar informaci\u00f3n sobre los h\u00e1bitos de navegaci\u00f3n de un usuario o de su equipo. 2. TIPOS DE COOKIES QUE UTILIZA ESTE SITIO &#8230; <a title=\"Pol\u00edtica de cookies\" class=\"read-more\" href=\"https:\/\/mundosenpapel.com\/index.php\/politica-de-cookies\/\" aria-label=\"Leer m\u00e1s sobre Pol\u00edtica de cookies\">Leer m\u00e1s<\/a><\/p>\n","protected":false},"author":1,"featured_media":0,"parent":0,"menu_order":0,"comment_status":"closed","ping_status":"closed","template":"","meta":{"footnotes":""},"class_list":["post-43","page","type-page","status-publish"],"_links":{"self":[{"href":"https:\/\/mundosenpapel.com\/index.php\/wp-json\/wp\/v2\/pages\/43","targetHints":{"allow":["GET"]}}],"collection":[{"href":"https:\/\/mundosenpapel.com\/index.php\/wp-json\/wp\/v2\/pages"}],"about":[{"href":"https:\/\/mundosenpapel.com\/index.php\/wp-json\/wp\/v2\/types\/page"}],"author":[{"embeddable":true,"href":"https:\/\/mundosenpapel.com\/index.php\/wp-json\/wp\/v2\/users\/1"}],"replies":[{"embeddable":true,"href":"https:\/\/mundosenpapel.com\/index.php\/wp-json\/wp\/v2\/comments?post=43"}],"version-history":[{"count":5,"href":"https:\/\/mundosenpapel.com\/index.php\/wp-json\/wp\/v2\/pages\/43\/revisions"}],"predecessor-version":[{"id":773,"href":"https:\/\/mundosenpapel.com\/index.php\/wp-json\/wp\/v2\/pages\/43\/revisions\/773"}],"wp:attachment":[{"href":"https:\/\/mundosenpapel.com\/index.php\/wp-json\/wp\/v2\/media?parent=43"}],"curies":[{"name":"wp","href":"https:\/\/api.w.org\/{rel}","templated":true}]}}