{"id":15,"date":"2025-05-19T17:14:09","date_gmt":"2025-05-19T17:14:09","guid":{"rendered":"https:\/\/mundosenpapel.com\/?page_id=15"},"modified":"2026-02-03T20:19:55","modified_gmt":"2026-02-03T20:19:55","slug":"inicio","status":"publish","type":"page","link":"https:\/\/mundosenpapel.com\/","title":{"rendered":"Inicio"},"content":{"rendered":"<div class=\"wp-block-image\">\n<figure class=\"aligncenter size-full is-resized\"><a href=\"http:\/\/mundosenpapel.com\"><img loading=\"lazy\" decoding=\"async\" width=\"350\" height=\"350\" src=\"https:\/\/mundosenpapel.com\/wp-content\/uploads\/2026\/02\/MUNDOS_EN_PAPEL.webp\" alt=\"MUNDOS_EN_PAPEL_logo\" class=\"wp-image-786\" style=\"width:480px\" srcset=\"https:\/\/mundosenpapel.com\/wp-content\/uploads\/2026\/02\/MUNDOS_EN_PAPEL.webp 350w, https:\/\/mundosenpapel.com\/wp-content\/uploads\/2026\/02\/MUNDOS_EN_PAPEL-300x300.webp 300w, https:\/\/mundosenpapel.com\/wp-content\/uploads\/2026\/02\/MUNDOS_EN_PAPEL-150x150.webp 150w\" sizes=\"auto, (max-width: 350px) 100vw, 350px\" \/><\/a><\/figure>\n<\/div>\n\n\n<p class=\"has-text-align-center\">Mundos en papel, d\u00f3nde las historias cobran vida. <br><br>Un universo entre l\u00edneas y dibujos.<\/p>\n\n\n\n<p><\/p>\n\n\n\n<p class=\"has-text-align-center\"><em>Aqu\u00ed cada mes encontrar\u00e1s los libros y comics imprescindibles de las&nbsp;<a href=\"https:\/\/mundosenpapel.com\/index.php\/editoriales\/\">editoriales<\/a>&nbsp;que colaboran con nosotros y que sin ellas no podr\u00eda ser posible este podcast.<br><\/em><br><em>Gracias a todas.<\/em><\/p>\n","protected":false},"excerpt":{"rendered":"<p>Mundos en papel, d\u00f3nde las historias cobran vida. Un universo entre l\u00edneas y dibujos. Aqu\u00ed cada mes encontrar\u00e1s los libros y comics imprescindibles de las&nbsp;editoriales&nbsp;que colaboran con nosotros y que sin ellas no podr\u00eda ser posible este podcast.Gracias a todas.<\/p>\n","protected":false},"author":1,"featured_media":0,"parent":0,"menu_order":0,"comment_status":"closed","ping_status":"closed","template":"","meta":{"footnotes":""},"class_list":["post-15","page","type-page","status-publish"],"_links":{"self":[{"href":"https:\/\/mundosenpapel.com\/index.php\/wp-json\/wp\/v2\/pages\/15","targetHints":{"allow":["GET"]}}],"collection":[{"href":"https:\/\/mundosenpapel.com\/index.php\/wp-json\/wp\/v2\/pages"}],"about":[{"href":"https:\/\/mundosenpapel.com\/index.php\/wp-json\/wp\/v2\/types\/page"}],"author":[{"embeddable":true,"href":"https:\/\/mundosenpapel.com\/index.php\/wp-json\/wp\/v2\/users\/1"}],"replies":[{"embeddable":true,"href":"https:\/\/mundosenpapel.com\/index.php\/wp-json\/wp\/v2\/comments?post=15"}],"version-history":[{"count":13,"href":"https:\/\/mundosenpapel.com\/index.php\/wp-json\/wp\/v2\/pages\/15\/revisions"}],"predecessor-version":[{"id":789,"href":"https:\/\/mundosenpapel.com\/index.php\/wp-json\/wp\/v2\/pages\/15\/revisions\/789"}],"wp:attachment":[{"href":"https:\/\/mundosenpapel.com\/index.php\/wp-json\/wp\/v2\/media?parent=15"}],"curies":[{"name":"wp","href":"https:\/\/api.w.org\/{rel}","templated":true}]}}